{"id":1851,"date":"2020-07-13T06:37:54","date_gmt":"2020-07-13T04:37:54","guid":{"rendered":"https:\/\/www.grenzrad.at\/gdpr\/"},"modified":"2020-07-13T06:40:24","modified_gmt":"2020-07-13T04:40:24","slug":"gdpr","status":"publish","type":"page","link":"https:\/\/www.grenzrad.at\/cs\/gdpr\/","title":{"rendered":"GDPR"},"content":{"rendered":"<div id=\"datenschutz\">\n<p>1. PROHL\u00c1\u0160ENI O OCHRAN\u011a OSOBN\u00cdCH \u00daDAJ\u016e NA STR\u00c1NK\u00c1CH<\/p>\n<p>Provozovatel\u00e9 t\u011bchto str\u00e1nek berou ochranu Va\u0161ich osobn\u00edch \u00fadaj\u016f velmi v\u00e1\u017en\u011b. Nakl\u00e1d\u00e1me s Va\u0161imi osobn\u00edmi \u00fadaji d\u016fv\u011brn\u011b a zp\u016fsobem odpov\u00eddaj\u00edc\u00edm jak pr\u00e1vn\u00edm p\u0159edpis\u016fm o ochran\u011b osobn\u00edch \u00fadaj\u016f, tak tomuto prohl\u00e1\u0161en\u00ed. V tomto prohl\u00e1\u0161en\u00ed si V\u00e1s dovolujeme informovat o nejd\u016fle\u017eit\u011bj\u0161\u00edch zp\u016fsobech zpracov\u00e1n\u00ed osobn\u00edch \u00fadaj\u016f na na\u0161\u00ed webov\u00e9 str\u00e1nce. U\u017e\u00edv\u00e1n\u00ed na\u0161\u00ed webov\u00e9 str\u00e1nky je zpravidla mo\u017en\u00e9 bez ud\u00e1n\u00ed osobn\u00edch \u00fadaj\u016f. Pokud jsou na na\u0161ich str\u00e1nk\u00e1ch shroma\u017e\u010fov\u00e1ny osobn\u00ed \u00fadaje (nap\u0159. jm\u00e9no, adresa nebo e-mailov\u00e1 adresa pro p\u0159ihl\u00e1\u0161en\u00ed na akci), d\u011bje se to st\u00e1le dobrovoln\u011b. Tyto \u00fadaje nebudou bez Va\u0161eho v\u00fdslovn\u00e9ho souhlasu p\u0159ed\u00e1ny t\u0159et\u00edm osob\u00e1m.<\/p>\n<p>Upozor\u0148ujeme na skute\u010dnost, \u017ee p\u0159enos osobn\u00edch \u00fadaj\u016f na internetu (nap\u0159. p\u0159i e-mailov\u00e9 komunikaci) nen\u00ed dostate\u010dn\u011b zabezpe\u010den. Stoprocentn\u00ed ochrana osobn\u00edch \u00fadaj\u016f p\u0159ed zneu\u017eit\u00edm t\u0159et\u00ed osobou nen\u00ed mo\u017en\u00e1.<\/p>\n<p>&nbsp;<\/p>\n<p><strong>Zad\u00e1v\u00e1n\u00ed a vyu\u017e\u00edv\u00e1n\u00ed dat prost\u0159ednictv\u00edm domovsk\u00e9 str\u00e1nky programu<\/strong><\/p>\n<p>Pro p\u0159ihl\u00e1\u0161en\u00ed na akce prost\u0159ednictv\u00edm na\u0161\u00ed domovsk\u00e9 str\u00e1nky programu je vyu\u017e\u00edv\u00e1n elektronick\u00fd p\u0159ihla\u0161ovac\u00ed formul\u00e1\u0159. Kontaktn\u00ed \u00fadaje, kter\u00e9 p\u0159i vypln\u011bn\u00ed formul\u00e1\u0159e z\u00edsk\u00e1me, jsou u n\u00e1s ulo\u017eeny za \u00fa\u010delem zpracov\u00e1n\u00ed prezen\u010dn\u00edch listin. Tyto \u00fadaje nep\u0159ed\u00e1me d\u00e1le bez Va\u0161eho souhlasu.<\/p>\n<p>Z\u00e1znamy v \u201ei-Boxu\u201c slou\u017e\u00ed k napln\u011bn\u00ed smluvn\u00edch podm\u00ednek dle \u010dl. 6, p\u00edsm. b) Obecn\u00e9ho na\u0159\u00edzen\u00ed o ochran\u011b osobn\u00edch \u00fadaj\u016f, ze kter\u00fdch vypl\u00fdv\u00e1 povinnost pravideln\u011b informovat o realizaci projektu. Za t\u00edmto \u00fa\u010delem nejsou vy\u017eadov\u00e1ny \u017e\u00e1dn\u00e9 citliv\u00e9 osobn\u00ed \u00fadaje. Uveden\u00e9 kontaktn\u00ed \u00fadaje se vztahuj\u00ed na p\u0159\u00edslu\u0161nou kontaktn\u00ed osobu pr\u00e1vnick\u00e9 osoby v\u00a0pozici projektov\u00e9ho partnera.<\/p>\n<p>&nbsp;<\/p>\n<p><strong>Google Analytics<\/strong><\/p>\n<p>Na z\u00e1klad\u011b na\u0161ich opr\u00e1vn\u011bn\u00fdch z\u00e1jm\u016f (tj. z\u00e1jmu na anal\u00fdzu vyu\u017eit\u00ed na\u0161ich informac\u00ed, optimalizaci a provoz na\u0161\u00ed domovsk\u00e9 str\u00e1nky programu ve smyslu \u010dl. 6, odst. 1, p\u00edsm. f) Obecn\u00e9ho na\u0159\u00edzen\u00ed o ochran\u011b osobn\u00edch \u00fadaj\u016f) pou\u017e\u00edv\u00e1me slu\u017ebu anal\u00fdzy webov\u00fdch str\u00e1nek Google Analytics, kterou poskytuje spole\u010dnost Google LLC (\u201eGoogle\u201c).<\/p>\n<p>Google u\u017e\u00edv\u00e1 soubory \u201ecookies\u201c. Informace vygenerovan\u00e9 souborem cookie o u\u017e\u00edv\u00e1n\u00ed str\u00e1nky jsou spole\u010dnost\u00ed Google p\u0159en\u00e1\u0161eny na server ve Spojen\u00fdch st\u00e1tech, kde jsou i ukl\u00e1d\u00e1ny.<\/p>\n<p>Spole\u010dnost Google m\u00e1 certifikovan\u00e9 osv\u011bd\u010den\u00ed Privacy-Shield, kter\u00e9 poskytuje z\u00e1ruku dodr\u017eov\u00e1n\u00ed evropsk\u00e9ho pr\u00e1va na ochranu osobn\u00edch \u00fadaj\u016f (<a href=\"https:\/\/www.privacyshield.gov\/participant?id=a2zt000000001L5AAI&amp;status=Active\">https:\/\/www.privacyshield.gov\/participant?id=a2zt000000001L5AAI&amp;status=Active<\/a>).<\/p>\n<p>Spole\u010dnost Google vyu\u017e\u00edv\u00e1 tyto informace pro \u00fa\u010dely vyhodnocov\u00e1n\u00ed u\u017e\u00edv\u00e1n\u00ed na\u0161\u00ed webov\u00e9 str\u00e1nky a pro vytv\u00e1\u0159en\u00ed zpr\u00e1v o online aktivit\u00e1ch v r\u00e1mci na\u0161eho webu a o jeho p\u0159\u00edpadn\u00e9m dal\u0161\u00edm vyu\u017eit\u00ed.<\/p>\n<p>Slu\u017ebu Google Analytics vyu\u017e\u00edv\u00e1me jen s aktivovanou anonymizac\u00ed IP adresy. To znamen\u00e1, \u017ee v r\u00e1mci \u010dlensk\u00fdch st\u00e1t\u016f EU nebo v jin\u00fdch smluvn\u00edch st\u00e1tech Dohody o evropsk\u00e9m hospod\u00e1\u0159sk\u00e9m prostoru je spole\u010dnost\u00ed Google IP adresa u\u017eivatele zkr\u00e1cena. Pouze ve v\u00fdjime\u010dn\u00fdch p\u0159\u00edpadech je cel\u00e1 IP adresa p\u0159en\u00e1\u0161ena spole\u010dnost\u00ed Google do Spojen\u00fdch st\u00e1t\u016f, kde doch\u00e1z\u00ed k jej\u00edmu zkr\u00e1cen\u00ed.<\/p>\n<p>IP adresa zprost\u0159edkovan\u00e1 prohl\u00ed\u017ee\u010dem u\u017eivatele nen\u00ed spojena s ostatn\u00edmi \u00fadaji spole\u010dnosti Google. U\u017eivatel\u00e9 mohou ukl\u00e1d\u00e1n\u00ed soubor\u016f cookies zabr\u00e1nit odpov\u00eddaj\u00edc\u00edm nastaven\u00edm softwaru t\u00edm, \u017ee si st\u00e1hnou a instaluj\u00ed z\u00e1suvn\u00fd modul (plugin) pro prohl\u00ed\u017ee\u010d. Mohou tak mimo jin\u00e9 zabr\u00e1nit evidov\u00e1n\u00ed \u00fadaj\u016f vytvo\u0159en\u00fdch soubory cookies vztahuj\u00edc\u00ed se jak na jejich u\u017e\u00edv\u00e1n\u00ed webov\u00fdch str\u00e1nek, tak na zpracov\u00e1n\u00ed t\u011bchto \u00fadaj\u016f spole\u010dnost\u00ed Google. Z\u00e1suvn\u00fd modul (plugin) pro prohl\u00ed\u017ee\u010d je mo\u017en\u00e9 z\u00edskat a nainstalovat pod t\u00edmto odkazem:\u00a0<a href=\"https:\/\/tools.google.com\/dlpage\/gaoptout?hl=en-GB\">http:\/\/tools.google.com\/dlpage\/gaoptout?hl=en<\/a>.<\/p>\n<p>Dal\u0161\u00ed informace o ochran\u011b osobn\u00edch \u00fadaj\u016f spole\u010dnost\u00ed Google, mo\u017enostech nastaven\u00ed a odvol\u00e1n\u00ed z\u00edsk\u00e1te v Prohl\u00e1\u0161en\u00ed spole\u010dnosti Google, kter\u00e9 se t\u00fdk\u00e1 z\u00e1sad ochrany osobn\u00edch \u00fadaj\u016f (<a href=\"https:\/\/policies.google.com\/technologies\/ads\">https:\/\/policies.google.com\/technologies\/ads<\/a>), a tak\u00e9 v nastaven\u00edch pro zobrazen\u00ed personalizovan\u00e9 reklamy prost\u0159ednictv\u00edm spole\u010dnosti Google\u00a0<a href=\"https:\/\/adssettings.google.com\/authenticated\">(https:\/\/adssettings.google.com\/authenticated<\/a>).<\/p>\n<p>&nbsp;<\/p>\n<p><strong>Va\u0161e pr\u00e1va<\/strong><\/p>\n<p>V r\u00e1mci Obecn\u00e9ho na\u0159\u00edzen\u00ed o ochran\u011b osobn\u00edch \u00fadaj\u016f m\u00e1te v z\u00e1sad\u011b pr\u00e1vo na p\u0159\u00edstup k osobn\u00edm \u00fadaj\u016fm, na opravu osobn\u00edch \u00fadaj\u016f, na v\u00fdmaz osobn\u00edch \u00fadaj\u016f, pr\u00e1vo na omezen\u00ed zpracov\u00e1n\u00ed osobn\u00edch \u00fadaj\u016f, pr\u00e1vo na p\u0159enositelnost \u00fadaj\u016f, pr\u00e1vo vzn\u00e9st n\u00e1mitku proti zpracov\u00e1n\u00ed osobn\u00edch \u00fadaj\u016f a pr\u00e1vo na odvol\u00e1n\u00ed. Pokud se domn\u00edv\u00e1te, \u017ee zpracov\u00e1n\u00ed Va\u0161ich \u00fadaj\u016f poru\u0161uje pr\u00e1vo na ochranu \u00fadaj\u016f nebo byla jinak ur\u010dit\u00fdm zp\u016fsobem dot\u010dena\/poru\u0161ena Va\u0161e pr\u00e1va vypl\u00fdvaj\u00edc\u00ed z uveden\u00e9ho na\u0159\u00edzen\u00ed, m\u016f\u017eete podat st\u00ed\u017enost u dozorov\u00e9ho \u00fa\u0159adu. V\u00a0\u010cesk\u00e9 republice je j\u00edm \u00da\u0159ad na ochranu osobn\u00edch \u00fadaj\u016f.<\/p>\n<p>&nbsp;<\/p>\n<p>&#8212;&#8212;&#8212;&#8212;&#8212;&#8212;&#8212;&#8212;&#8212;&#8212;&#8212;&#8212;&#8212;&#8212;&#8212;&#8212;&#8212;&#8212;&#8212;&#8212;&#8212;&#8212;&#8212;&#8212;&#8212;&#8212;&#8212;&#8212;&#8212;&#8212;&#8212;&#8212;&#8212;&#8212;&#8212;&#8212;&#8212;&#8212;&#8212;&#8212;&#8212;&#8212;&#8211;<\/p>\n<p>&nbsp;<\/p>\n<p>2. PROHL\u00c1\u0160ENI O OCHRAN\u011a OSOBN\u00cdCH \u00daDAJ\u016e PROGRAMU INTERREG V-A<\/p>\n<p><strong>Prohl\u00e1\u0161en\u00ed o ochran\u011b osobn\u00edch \u00fadaj\u016f ke sb\u011bru dat pro \u0159\u00edzen\u00ed programu a projekt\u016f<\/strong><\/p>\n<p><strong>V\u0161eobecn\u00e9 informace dle \u010dl\u00e1nku 13f \u2013 Na\u0159\u00edzen\u00ed o ochran\u011b osobn\u00edch \u00fadaj\u016f<\/strong><\/p>\n<p>\u00da\u0159ad Spolkov\u00e9 vl\u00e1dy Doln\u00ed Rakousko stejn\u011b jako dolnorakousk\u00e9 okresy jsou zodpov\u011bdn\u00e9 za ochranu osobn\u00edch \u00fadaj\u016f ve smyslu obecn\u00e9ho na\u0159\u00edzen\u00ed o ochran\u011b osobn\u00edch \u00fadaj\u016f (GDPR).<\/p>\n<p><strong>Pov\u011b\u0159en\u00fdm za ochranu osobn\u00edch \u00fadaj\u016f u v\u00fd\u0161e uveden\u00fdch je:<\/strong><\/p>\n<p>Stephan Pfl\u00fcgler, 0650-3711240<\/p>\n<p>Zpracov\u00e1n\u00ed osobn\u00edch \u00fadaj\u016f v dolnorakousk\u00e9 spr\u00e1v\u011b prob\u00edh\u00e1 zpravidla na z\u00e1klad\u011b z\u00e1konn\u00fdch podm\u00ednek, resp. na z\u00e1klad\u011b souhlasu dot\u010den\u00fdch osob nebo smluvn\u00ed dohody.<\/p>\n<p><strong>\u00da\u010del zpracov\u00e1n\u00ed osobn\u00edch \u00fadaj\u016f<\/strong><\/p>\n<p>\u00da\u010del zpracov\u00e1n\u00ed osobn\u00edch \u00fadaj\u016f vypl\u00fdv\u00e1 z \u0159\u00edzen\u00ed Programu EU INTERREG V-A Rakousko \u2013 \u010cesk\u00e1 republika. Jedn\u00e1 se o p\u0159\u00edpadn\u00e9 zp\u0159\u00edstupn\u011bn\u00ed osobn\u00edch \u00fadaj\u016f dal\u0161\u00edm org\u00e1n\u016fm \u010di instituc\u00edm, kter\u00e9 se pod\u00edlej\u00ed na realizaci Programu \u2013 instituce v\u00e1zan\u00e9 ml\u010denlivost\u00ed, Evropsk\u00e1 komise a\/nebo t\u0159et\u00ed subjekty, kter\u00e9 se pod\u00edlej\u00ed na realizaci a evaluaci Programu.<\/p>\n<p><strong>Pr\u00e1vn\u00edmi p\u0159edpisy v tomto ohledu jsou:<\/strong><\/p>\n<p>Na\u0159\u00edzen\u00ed Evropsk\u00e9ho parlamentu a Rady (EU) \u010d.1303\/2013, Na\u0159\u00edzen\u00ed Evropsk\u00e9ho parlamentu a Rady (EU) \u010d. 1299\/2013, Na\u0159\u00edzen\u00ed Komise (EU) v p\u0159enesen\u00e9 p\u016fsobnosti \u010d.\u00a0 481\/2014, Na\u0159\u00edzen\u00ed Komise (EU) v p\u0159enesen\u00e9 p\u016fsobnosti \u010d.\u00a0 1042\/2014.<\/p>\n<p>Poskytnut\u00ed pot\u0159ebn\u00fdch \u00fadaj\u016f za \u00fa\u010delem uzav\u0159en\u00ed Smlouvy o poskytnut\u00ed finan\u010dn\u00edch prost\u0159edk\u016f a dodr\u017een\u00ed z\u00e1konn\u00fdch podm\u00ednek v r\u00e1mci Programu INTERREG Rakousko \u2013 \u010cesk\u00e1 republika 2014 \u2013 2020 je t\u00edmto na z\u00e1klad\u011b na\u0159\u00edzen\u00ed o GDPR \u010dl. 6, odst. 1, p\u00edsm. b, c nezbytn\u011b nutn\u00e9.<\/p>\n<p>P\u0159\u00edpadn\u00e9 nezp\u0159\u00edstupn\u011bn\u00ed dat m\u00e1 dopad na finan\u010dn\u00ed podporu z Evropsk\u00e9ho fondu pro region\u00e1ln\u00ed rozvoj.<\/p>\n<p>V\u00a0tomto ohledu nedoch\u00e1z\u00ed\u00a0 k automatizovan\u00e9mu rozhodov\u00e1n\u00ed.<\/p>\n<p>Fotografie z\u00a0uskute\u010dn\u011bn\u00fdch akc\u00ed jsou zve\u0159ej\u0148ov\u00e1ny jak na webu Programu za \u00fa\u010delem prezentace aktivit a \u010dinnosti, tak v ti\u0161t\u011bn\u00fdch m\u00e9di\u00edch a na soci\u00e1ln\u00edch s\u00edt\u00edch (opr\u00e1vn\u011bn\u00fd z\u00e1jem dle GDPR \u010dl. 6, odst. 1, p\u00edsm. f).<\/p>\n<p><strong>Doba uchov\u00e1n\u00ed dat<\/strong><\/p>\n<p>Doba uchov\u00e1n\u00ed dat vypl\u00fdv\u00e1 na jedn\u00e9 stran\u011b ze z\u00e1konn\u00fdch podm\u00ednek pro spolkovou zemi Doln\u00ed Rakousko. Na z\u00e1klad\u011b \u00a76 Z\u00e1kona o archivaci Doln\u00edho Rakouska, vyu\u017e\u00edv\u00e1 v tomto ohledu zemsk\u00e1 spr\u00e1va Doln\u00edho Rakouska Zemsk\u00fd archiv, kter\u00fd ov\u011b\u0159uje relevanci archivace dokument\u016f, kter\u00e9 ji\u017e nejsou b\u011b\u017en\u011b u\u017e\u00edv\u00e1ny. Lh\u016fta pro archivaci vypl\u00fdv\u00e1 z vnit\u0159n\u00edch p\u0159edpis\u016f Doln\u00edho Rakouska, nebo uplynut\u00edm lh\u016fty 30 let.<\/p>\n<p>Doba uchov\u00e1n\u00ed dat souvisej\u00edc\u00edch s programem INTERREG Rakousko \u2013 \u010cesk\u00e1 republika se \u0159\u00edd\u00ed lh\u016ftou pro uchov\u00e1n\u00ed dat stanovenou ve Smlouv\u011b o poskytnut\u00ed finan\u010dn\u00edch prost\u0159edk\u016f z EFRR.<\/p>\n<p><strong>Dal\u0161\u00ed pr\u00e1vn\u00ed n\u00e1roky<\/strong><\/p>\n<p>Dle \u010dl. 15 ff GDPR existuje ve vztahu k osobn\u00edm \u00fadaj\u016fm n\u00e1rok na jejich zp\u0159\u00edstupn\u011bn\u00ed, opravu, vymaz\u00e1n\u00ed, omezen\u00ed jejich zpracov\u00e1n\u00ed, pod\u00e1n\u00ed n\u00e1mitky a v ur\u010dit\u00fdch p\u0159\u00edpadech na jejich p\u0159enositelnost.<\/p>\n<p><strong>Za vy\u0159\u00edzen\u00ed p\u0159\u00edpadn\u00fdch n\u00e1mitek zodpov\u00edd\u00e1:<\/strong><\/p>\n<p>\u00d6sterreichische Datenschutzbeh\u00f6rde (Rakousk\u00fd \u00fa\u0159ad pro ochranu osobn\u00edch \u00fadaj\u016f)<br \/>\nWickenburggasse 8<br \/>\nAT &#8211; 1080 Wien<br \/>\nTelefon: +43 1 52 152-0<br \/>\nE-Mail:\u00a0<a href=\"mailto:dsb@dsb.gv.at\">dsb@dsb.gv.at<\/a><\/p>\n<p><strong>\u00a0Pod\u00e1n\u00ed n\u00e1mitky v souladu s \u010dl. 21 Na\u0159\u00edzen\u00ed o ochran\u011b osobn\u00edch \u00fadaj\u016f<\/strong><\/p>\n<p>Osoba, jej\u00ed\u017e osobn\u00ed \u00fadaje byly zpracov\u00e1ny m\u00e1 v p\u0159\u00edpad\u011b zvl\u00e1\u0161tn\u00ed situace pr\u00e1vo podat kdykoliv n\u00e1mitku na zpracov\u00e1n\u00ed osobn\u00edch \u00fadaj\u016f, kter\u00e9 se j\u00ed t\u00fdkaj\u00ed, a to na z\u00e1klad\u011b \u010dl. 6, odst. 1, p\u00edsm. e) nebo f) o GDPR; to stejn\u00e9 plat\u00ed pro profilov\u00e1n\u00ed (\u010dl. 21, odst. 2 GDPR). Dle \u010dl. 21, odst. 2 GDPR existuje pr\u00e1vo na st\u00ed\u017enost v p\u0159\u00edpad\u011b p\u0159\u00edm\u00e9ho marketingu.<\/p>\n<p><strong>\u00a0P\u0159ed\u00e1v\u00e1n\u00ed osobn\u00edch \u00fadaj\u016f z elektronick\u00e9ho monitorovac\u00edho syst\u00e9mu (eMS)<\/strong><\/p>\n<p>Krom\u011b org\u00e1n\u016f a instituc\u00ed uveden\u00fdch v\u00fd\u0161e v \u010d\u00e1sti \u201e\u00da\u010del zpracov\u00e1n\u00ed osobn\u00edch \u00fadaj\u016f\u201c jsou \u00fadaje z eMS p\u0159ed\u00e1v\u00e1ny n\u00e1sleduj\u00edc\u00edm platform\u00e1m resp. datov\u00fdm bank\u00e1m:<\/p>\n<p>ARACHNE \u2013 jedn\u00e1 se o n\u00e1stroj IT vyvinut\u00fd Evropskou komis\u00ed k vyhled\u00e1v\u00e1n\u00ed a sb\u011bru dat za \u00fa\u010delem podpory \u010dinnosti spr\u00e1vn\u00edch \u00fa\u0159ad\u016f p\u0159i v\u00fdkonu administrativn\u00ed kontroly a certifikace poskytov\u00e1n\u00ed podpory z Evropsk\u00fdch struktur\u00e1ln\u00edch a investi\u010dn\u00edch fond\u016f (<a href=\"http:\/\/ec.europa.eu\/social\/main.jsp?catId=325&amp;intPageId=3587&amp;langId=cs\">http:\/\/ec.europa.eu\/social\/main.jsp?catId=325&amp;intPageId=3587&amp;langId=cs<\/a>).<\/p>\n<p>Keep \u2013 jedn\u00e1 se o informa\u010dn\u00ed platformu o projektech a p\u0159\u00edjemc\u00edch v r\u00e1mci p\u0159eshrani\u010dn\u00edch, nadn\u00e1rodn\u00edch a meziregion\u00e1ln\u00edch programech spolupr\u00e1ce Evropsk\u00e9 unie, a to jak mezi \u010dlensk\u00fdmi st\u00e1ty, tak sousedn\u00edmi zem\u011bmi (<a href=\"http:\/\/www.keep.eu\/\">www.keep.eu<\/a>).<\/p>\n<\/div>\n","protected":false},"excerpt":{"rendered":"<p>1. PROHL\u00c1\u0160ENI O OCHRAN\u011a OSOBN\u00cdCH \u00daDAJ\u016e NA STR\u00c1NK\u00c1CH Provozovatel\u00e9 t\u011bchto str\u00e1nek berou ochranu Va\u0161ich osobn\u00edch \u00fadaj\u016f velmi v\u00e1\u017en\u011b. Nakl\u00e1d\u00e1me s Va\u0161imi osobn\u00edmi \u00fadaji d\u016fv\u011brn\u011b a zp\u016fsobem odpov\u00eddaj\u00edc\u00edm jak pr\u00e1vn\u00edm p\u0159edpis\u016fm o ochran\u011b osobn\u00edch \u00fadaj\u016f, tak tomuto prohl\u00e1\u0161en\u00ed. V tomto prohl\u00e1\u0161en\u00ed si V\u00e1s dovolujeme informovat o nejd\u016fle\u017eit\u011bj\u0161\u00edch zp\u016fsobech zpracov\u00e1n\u00ed osobn\u00edch \u00fadaj\u016f na na\u0161\u00ed webov\u00e9 str\u00e1nce. U\u017e\u00edv\u00e1n\u00ed [&hellip;]<\/p>\n","protected":false},"author":1,"featured_media":0,"parent":0,"menu_order":0,"comment_status":"closed","ping_status":"closed","template":"","meta":{"_acf_changed":false,"footnotes":""},"class_list":["post-1851","page","type-page","status-publish","hentry"],"acf":[],"_links":{"self":[{"href":"https:\/\/www.grenzrad.at\/cs\/wp-json\/wp\/v2\/pages\/1851","targetHints":{"allow":["GET"]}}],"collection":[{"href":"https:\/\/www.grenzrad.at\/cs\/wp-json\/wp\/v2\/pages"}],"about":[{"href":"https:\/\/www.grenzrad.at\/cs\/wp-json\/wp\/v2\/types\/page"}],"author":[{"embeddable":true,"href":"https:\/\/www.grenzrad.at\/cs\/wp-json\/wp\/v2\/users\/1"}],"replies":[{"embeddable":true,"href":"https:\/\/www.grenzrad.at\/cs\/wp-json\/wp\/v2\/comments?post=1851"}],"version-history":[{"count":3,"href":"https:\/\/www.grenzrad.at\/cs\/wp-json\/wp\/v2\/pages\/1851\/revisions"}],"predecessor-version":[{"id":1858,"href":"https:\/\/www.grenzrad.at\/cs\/wp-json\/wp\/v2\/pages\/1851\/revisions\/1858"}],"wp:attachment":[{"href":"https:\/\/www.grenzrad.at\/cs\/wp-json\/wp\/v2\/media?parent=1851"}],"curies":[{"name":"wp","href":"https:\/\/api.w.org\/{rel}","templated":true}]}}