{"id":1792,"date":"2020-07-09T15:54:39","date_gmt":"2020-07-09T13:54:39","guid":{"rendered":"https:\/\/www.grenzrad.at\/?page_id=1792"},"modified":"2021-02-07T11:08:46","modified_gmt":"2021-02-07T10:08:46","slug":"home","status":"publish","type":"page","link":"https:\/\/www.grenzrad.at\/cs\/","title":{"rendered":"Home"},"content":{"rendered":"\n<style type=\"text\/css\" data-created_by=\"avia_inline_auto\" id=\"style-css-av-av_heading-b5d1e5e5d39df7a28309ff1aef7a1dd2\">\n#top .av-special-heading.av-av_heading-b5d1e5e5d39df7a28309ff1aef7a1dd2{\npadding-bottom:10px;\n}\nbody .av-special-heading.av-av_heading-b5d1e5e5d39df7a28309ff1aef7a1dd2 .av-special-heading-tag .heading-char{\nfont-size:25px;\n}\n.av-special-heading.av-av_heading-b5d1e5e5d39df7a28309ff1aef7a1dd2 .av-subheading{\nfont-size:15px;\n}\n<\/style>\n<div  class='av-special-heading av-av_heading-b5d1e5e5d39df7a28309ff1aef7a1dd2 av-special-heading-h2 blockquote modern-quote modern-centered  avia-builder-el-0  el_before_av_textblock  avia-builder-el-first  av-linked-heading'><h2 class='av-special-heading-tag '  itemprop=\"headline\"  >Vyhled\u00e1v\u00e1n\u00ed<\/h2><div class=\"special-heading-border\"><div class=\"special-heading-inner-border\"><\/div><\/div><\/div>\n<section  class='av_textblock_section av-k5ntzicl-a54b51814b0fb27bbffb9f2e4b56a694 '   itemscope=\"itemscope\" itemtype=\"https:\/\/schema.org\/CreativeWork\" ><div class='avia_textblock'  itemprop=\"text\" ><div class=\"facetwp-facet facetwp-facet-volltext facetwp-type-search\" data-name=\"volltext\" data-type=\"search\"><\/div>\n<\/div><\/section>\n\n<style type=\"text\/css\" data-created_by=\"avia_inline_auto\" id=\"style-css-av-6y20-3fcf97d071d98f89b53552239c089418\">\n.flex_column.av-6y20-3fcf97d071d98f89b53552239c089418{\nborder-radius:0px 0px 0px 0px;\npadding:0px 0px 0px 0px;\n}\n<\/style>\n<div  class='flex_column av-6y20-3fcf97d071d98f89b53552239c089418 av_one_third  avia-builder-el-2  el_after_av_textblock  el_before_av_one_third  first flex_column_div av-zero-column-padding  column-top-margin'     ><p>\n<style type=\"text\/css\" data-created_by=\"avia_inline_auto\" id=\"style-css-av-kcd7msty-04ac4b9631b358946f8092b10da0663a\">\n#top .av-special-heading.av-kcd7msty-04ac4b9631b358946f8092b10da0663a{\npadding-bottom:10px;\n}\nbody .av-special-heading.av-kcd7msty-04ac4b9631b358946f8092b10da0663a .av-special-heading-tag .heading-char{\nfont-size:25px;\n}\n.av-special-heading.av-kcd7msty-04ac4b9631b358946f8092b10da0663a .av-subheading{\nfont-size:15px;\n}\n<\/style>\n<div  class='av-special-heading av-kcd7msty-04ac4b9631b358946f8092b10da0663a av-special-heading-h3 blockquote modern-quote  avia-builder-el-3  el_before_av_textblock  avia-builder-el-first  objekte'><h3 class='av-special-heading-tag '  itemprop=\"headline\"  >Objekt\u016f<\/h3><div class='av-subheading av-subheading_below'><p>(rozev\u0159\u00edt)<\/p>\n<\/div><div class=\"special-heading-border\"><div class=\"special-heading-inner-border\"><\/div><\/div><\/div><br \/>\n<section  class='av_textblock_section av-kc3c10c8-729b903311182b963f2a193740b2fd48 '   itemscope=\"itemscope\" itemtype=\"https:\/\/schema.org\/CreativeWork\" ><div class='avia_textblock obob'  itemprop=\"text\" ><div class=\"facetwp-facet facetwp-facet-objectecz facetwp-type-checkboxes\" data-name=\"objectecz\" data-type=\"checkboxes\"><\/div>\n<\/div><\/section><\/p><\/div>\n\n<style type=\"text\/css\" data-created_by=\"avia_inline_auto\" id=\"style-css-av-58ju-a87d893ac67d346d4378f3c018c76876\">\n.flex_column.av-58ju-a87d893ac67d346d4378f3c018c76876{\nborder-radius:0px 0px 0px 0px;\npadding:0px 0px 0px 0px;\n}\n<\/style>\n<div  class='flex_column av-58ju-a87d893ac67d346d4378f3c018c76876 av_one_third  avia-builder-el-5  el_after_av_one_third  el_before_av_one_third  flex_column_div av-zero-column-padding  column-top-margin'     ><p>\n<style type=\"text\/css\" data-created_by=\"avia_inline_auto\" id=\"style-css-av-kcd7mxqu-fb2ef3765238ebd818eeeaaa6da95873\">\n#top .av-special-heading.av-kcd7mxqu-fb2ef3765238ebd818eeeaaa6da95873{\npadding-bottom:10px;\n}\nbody .av-special-heading.av-kcd7mxqu-fb2ef3765238ebd818eeeaaa6da95873 .av-special-heading-tag .heading-char{\nfont-size:25px;\n}\n.av-special-heading.av-kcd7mxqu-fb2ef3765238ebd818eeeaaa6da95873 .av-subheading{\nfont-size:15px;\n}\n<\/style>\n<div  class='av-special-heading av-kcd7mxqu-fb2ef3765238ebd818eeeaaa6da95873 av-special-heading-h3 blockquote modern-quote  avia-builder-el-6  el_before_av_textblock  avia-builder-el-first  schau'><h3 class='av-special-heading-tag '  itemprop=\"headline\"  >Lokality Kulturn\u00ed a p\u0159\u00edrodn\u00ed d\u011bdictv\u00ed<\/h3><div class='av-subheading av-subheading_below'><p>(rozev\u0159\u00edt)<\/p>\n<\/div><div class=\"special-heading-border\"><div class=\"special-heading-inner-border\"><\/div><\/div><\/div><br \/>\n<section  class='av_textblock_section av-kc3c19ou-9183c0ad4b48263c1180a1cc8d3b9e58 '   itemscope=\"itemscope\" itemtype=\"https:\/\/schema.org\/CreativeWork\" ><div class='avia_textblock schauob'  itemprop=\"text\" ><div class=\"facetwp-facet facetwp-facet-schaupltze_kultur_und_naturerbe facetwp-type-checkboxes\" data-name=\"schaupltze_kultur_und_naturerbe\" data-type=\"checkboxes\"><\/div>\n<\/div><\/section><\/p><\/div>\n\n<style type=\"text\/css\" data-created_by=\"avia_inline_auto\" id=\"style-css-av-3v9e-265b2b0fc5b77d679fe19c1864be1b6e\">\n.flex_column.av-3v9e-265b2b0fc5b77d679fe19c1864be1b6e{\nborder-radius:0px 0px 0px 0px;\npadding:0px 0px 0px 0px;\n}\n<\/style>\n<div  class='flex_column av-3v9e-265b2b0fc5b77d679fe19c1864be1b6e av_one_third  avia-builder-el-8  el_after_av_one_third  el_before_av_textblock  nichtanzeigen flex_column_div av-zero-column-padding  column-top-margin'     ><p>\n<style type=\"text\/css\" data-created_by=\"avia_inline_auto\" id=\"style-css-av-kcd7n23h-ea1fc3cb3b68457c5eac34fabfb8ed1f\">\n#top .av-special-heading.av-kcd7n23h-ea1fc3cb3b68457c5eac34fabfb8ed1f{\npadding-bottom:10px;\n}\nbody .av-special-heading.av-kcd7n23h-ea1fc3cb3b68457c5eac34fabfb8ed1f .av-special-heading-tag .heading-char{\nfont-size:25px;\n}\n.av-special-heading.av-kcd7n23h-ea1fc3cb3b68457c5eac34fabfb8ed1f .av-subheading{\nfont-size:15px;\n}\n<\/style>\n<div  class='av-special-heading av-kcd7n23h-ea1fc3cb3b68457c5eac34fabfb8ed1f av-special-heading-h3 blockquote modern-quote  avia-builder-el-9  el_before_av_textblock  avia-builder-el-first  veran'><h3 class='av-special-heading-tag '  itemprop=\"headline\"  >Ud\u00e1losti a nab\u00eddky um\u00edst\u011bn\u00ed<\/h3><div class='av-subheading av-subheading_below'><p>(rozev\u0159\u00edt)<\/p>\n<\/div><div class=\"special-heading-border\"><div class=\"special-heading-inner-border\"><\/div><\/div><\/div><br \/>\n<section  class='av_textblock_section av-kc3c1ev2-12e41fb49e760b994fd9654026390043 '   itemscope=\"itemscope\" itemtype=\"https:\/\/schema.org\/CreativeWork\" ><div class='avia_textblock veranob'  itemprop=\"text\" ><div class=\"facetwp-facet facetwp-facet-veranstaltungen_cz facetwp-type-checkboxes\" data-name=\"veranstaltungen_cz\" data-type=\"checkboxes\"><\/div>\n<\/div><\/section><\/p><\/div>\n<section  class='av_textblock_section av-kc3c4l2r-c10fe635509e0a521425823b40c3ab05 '   itemscope=\"itemscope\" itemtype=\"https:\/\/schema.org\/CreativeWork\" ><div class='avia_textblock'  itemprop=\"text\" ><div class=\"facetwp-facet facetwp-facet-locatemecz facetwp-type-proximity\" data-name=\"locatemecz\" data-type=\"proximity\"><\/div>\n<div class=\"facetwp-facet facetwp-facet-map_cz facetwp-type-map\" data-name=\"map_cz\" data-type=\"map\"><\/div>\n<div class=\"facetwp-template\" data-name=\"example\"><div class=\"fwpl-layout el-h23g1x1\"><div class=\"fwpl-result r1\"><div class=\"fwpl-row el-919qf9\"><div class=\"fwpl-col fwpl-col el-463kx\"><div class=\"fwpl-item el-nqm5vp\"><a href=\"https:\/\/www.grenzrad.at\/cs\/als-studie-aisstal\/\">ALS Studie Aisstal<\/a><\/div><div class=\"fwpl-item el-h23g1x\"><a href=\"https:\/\/www.grenzrad.at\/cs\/als-studie-aisstal\/\"><img decoding=\"async\" loading=\"lazy\" width=\"495\" height=\"400\" src=\"https:\/\/www.grenzrad.at\/wp-content\/uploads\/2020\/12\/ALS_STUDIE_AISTTAL_1080-495x400.jpg\" class=\"wp-image-2010 avia-img-lazy-loading-2010 attachment-portfolio size-portfolio wp-post-image\" alt=\"\" srcset=\"https:\/\/www.grenzrad.at\/wp-content\/uploads\/2020\/12\/ALS_STUDIE_AISTTAL_1080-495x400.jpg 495w, https:\/\/www.grenzrad.at\/wp-content\/uploads\/2020\/12\/ALS_STUDIE_AISTTAL_1080-845x684.jpg 845w\" sizes=\"auto, (max-width: 495px) 100vw, 495px\" \/><\/a><\/div><\/div><\/div><\/div><div class=\"fwpl-result r2\"><div class=\"fwpl-row el-919qf9\"><div class=\"fwpl-col fwpl-col el-463kx\"><div class=\"fwpl-item el-nqm5vp\"><a href=\"https:\/\/www.grenzrad.at\/cs\/austria-lazius-1662\/\">Austria Lazius 1662<\/a><\/div><div class=\"fwpl-item el-h23g1x\"><a href=\"https:\/\/www.grenzrad.at\/cs\/austria-lazius-1662\/\"><img decoding=\"async\" loading=\"lazy\" width=\"495\" height=\"400\" src=\"https:\/\/www.grenzrad.at\/wp-content\/uploads\/2021\/02\/Austria_Lazius_1662_Atlas_Blaeu_Ausschnitt3_Folder-495x400.jpg\" class=\"wp-image-2178 avia-img-lazy-loading-2178 attachment-portfolio size-portfolio wp-post-image\" alt=\"\" srcset=\"https:\/\/www.grenzrad.at\/wp-content\/uploads\/2021\/02\/Austria_Lazius_1662_Atlas_Blaeu_Ausschnitt3_Folder-495x400.jpg 495w, https:\/\/www.grenzrad.at\/wp-content\/uploads\/2021\/02\/Austria_Lazius_1662_Atlas_Blaeu_Ausschnitt3_Folder-845x684.jpg 845w\" sizes=\"auto, (max-width: 495px) 100vw, 495px\" \/><\/a><\/div><\/div><\/div><\/div><div class=\"fwpl-result r3\"><div class=\"fwpl-row el-919qf9\"><div class=\"fwpl-col fwpl-col el-463kx\"><div class=\"fwpl-item el-nqm5vp\"><a href=\"https:\/\/www.grenzrad.at\/cs\/bunkry-cetviny\/\">Bunkry Cetviny<\/a><\/div><div class=\"fwpl-item el-h23g1x\"><a href=\"https:\/\/www.grenzrad.at\/cs\/bunkry-cetviny\/\"><img decoding=\"async\" loading=\"lazy\" width=\"495\" height=\"400\" src=\"https:\/\/www.grenzrad.at\/wp-content\/uploads\/2021\/02\/Bunker-um-Zettwing-495x400.png\" class=\"wp-image-2228 avia-img-lazy-loading-2228 attachment-portfolio size-portfolio wp-post-image\" alt=\"\" srcset=\"https:\/\/www.grenzrad.at\/wp-content\/uploads\/2021\/02\/Bunker-um-Zettwing-495x400.png 495w, https:\/\/www.grenzrad.at\/wp-content\/uploads\/2021\/02\/Bunker-um-Zettwing-845x684.png 845w\" sizes=\"auto, (max-width: 495px) 100vw, 495px\" \/><\/a><\/div><\/div><\/div><\/div><div class=\"fwpl-result r4\"><div class=\"fwpl-row el-919qf9\"><div class=\"fwpl-col fwpl-col el-463kx\"><div class=\"fwpl-item el-nqm5vp\"><a href=\"https:\/\/www.grenzrad.at\/cs\/burg-dornach\/\">Burg Dornach<\/a><\/div><div class=\"fwpl-item el-h23g1x\"><a href=\"https:\/\/www.grenzrad.at\/cs\/burg-dornach\/\"><img decoding=\"async\" loading=\"lazy\" width=\"400\" height=\"400\" src=\"https:\/\/www.grenzrad.at\/wp-content\/uploads\/2021\/02\/ooe96-400x400.jpg\" class=\"wp-image-2332 avia-img-lazy-loading-2332 attachment-portfolio size-portfolio wp-post-image\" alt=\"\" srcset=\"https:\/\/www.grenzrad.at\/wp-content\/uploads\/2021\/02\/ooe96-400x400.jpg 400w, https:\/\/www.grenzrad.at\/wp-content\/uploads\/2021\/02\/ooe96-80x80.jpg 80w, https:\/\/www.grenzrad.at\/wp-content\/uploads\/2021\/02\/ooe96-36x36.jpg 36w, https:\/\/www.grenzrad.at\/wp-content\/uploads\/2021\/02\/ooe96-180x180.jpg 180w\" sizes=\"auto, (max-width: 400px) 100vw, 400px\" \/><\/a><\/div><\/div><\/div><\/div><div class=\"fwpl-result r5\"><div class=\"fwpl-row el-919qf9\"><div class=\"fwpl-col fwpl-col el-463kx\"><div class=\"fwpl-item el-nqm5vp\"><a href=\"https:\/\/www.grenzrad.at\/cs\/burg-piberstein\/\">Burg Piberstein<\/a><\/div><div class=\"fwpl-item el-h23g1x\"><a href=\"https:\/\/www.grenzrad.at\/cs\/burg-piberstein\/\"><img decoding=\"async\" loading=\"lazy\" width=\"495\" height=\"400\" src=\"https:\/\/www.grenzrad.at\/wp-content\/uploads\/2021\/02\/burg-piberstein-495x400.jpg\" class=\"wp-image-2354 avia-img-lazy-loading-2354 attachment-portfolio size-portfolio wp-post-image\" alt=\"\" \/><\/a><\/div><\/div><\/div><\/div><div class=\"fwpl-result r6\"><div class=\"fwpl-row el-919qf9\"><div class=\"fwpl-col fwpl-col el-463kx\"><div class=\"fwpl-item el-nqm5vp\"><a href=\"https:\/\/www.grenzrad.at\/cs\/burg-purnstein\/\">Burg P\u00fcrnstein<\/a><\/div><div class=\"fwpl-item el-h23g1x\"><a href=\"https:\/\/www.grenzrad.at\/cs\/burg-purnstein\/\"><img decoding=\"async\" loading=\"lazy\" width=\"495\" height=\"400\" src=\"https:\/\/www.grenzrad.at\/wp-content\/uploads\/2021\/02\/5daa0c044d4a3_image-495x400.jpg\" class=\"wp-image-2362 avia-img-lazy-loading-2362 attachment-portfolio size-portfolio wp-post-image\" alt=\"\" \/><\/a><\/div><\/div><\/div><\/div><div class=\"fwpl-result r7\"><div class=\"fwpl-row el-919qf9\"><div class=\"fwpl-col fwpl-col el-463kx\"><div class=\"fwpl-item el-nqm5vp\"><a href=\"https:\/\/www.grenzrad.at\/cs\/burgruine-falkenstein\/\">Burgruine Falkenstein<\/a><\/div><div class=\"fwpl-item el-h23g1x\"><a href=\"https:\/\/www.grenzrad.at\/cs\/burgruine-falkenstein\/\"><img decoding=\"async\" loading=\"lazy\" width=\"495\" height=\"400\" src=\"https:\/\/www.grenzrad.at\/wp-content\/uploads\/2021\/02\/40281890_2042461972471621_2234770543234514944_o-495x400.jpg\" class=\"wp-image-2380 avia-img-lazy-loading-2380 attachment-portfolio size-portfolio wp-post-image\" alt=\"\" srcset=\"https:\/\/www.grenzrad.at\/wp-content\/uploads\/2021\/02\/40281890_2042461972471621_2234770543234514944_o-495x400.jpg 495w, https:\/\/www.grenzrad.at\/wp-content\/uploads\/2021\/02\/40281890_2042461972471621_2234770543234514944_o-845x684.jpg 845w\" sizes=\"auto, (max-width: 495px) 100vw, 495px\" \/><\/a><\/div><\/div><\/div><\/div><div class=\"fwpl-result r8\"><div class=\"fwpl-row el-919qf9\"><div class=\"fwpl-col fwpl-col el-463kx\"><div class=\"fwpl-item el-nqm5vp\"><a href=\"https:\/\/www.grenzrad.at\/cs\/burgruine-prandegg\/\">Burgruine Prandegg<\/a><\/div><div class=\"fwpl-item el-h23g1x\"><a href=\"https:\/\/www.grenzrad.at\/cs\/burgruine-prandegg\/\"><img decoding=\"async\" loading=\"lazy\" width=\"495\" height=\"400\" src=\"https:\/\/www.grenzrad.at\/wp-content\/uploads\/2021\/02\/Prandegg_sueden-495x400.jpg\" class=\"wp-image-2370 avia-img-lazy-loading-2370 attachment-portfolio size-portfolio wp-post-image\" alt=\"\" srcset=\"https:\/\/www.grenzrad.at\/wp-content\/uploads\/2021\/02\/Prandegg_sueden-495x400.jpg 495w, https:\/\/www.grenzrad.at\/wp-content\/uploads\/2021\/02\/Prandegg_sueden-845x684.jpg 845w\" sizes=\"auto, (max-width: 495px) 100vw, 495px\" \/><\/a><\/div><\/div><\/div><\/div><div class=\"fwpl-result r9\"><div class=\"fwpl-row el-919qf9\"><div class=\"fwpl-col fwpl-col el-463kx\"><div class=\"fwpl-item el-nqm5vp\"><a href=\"https:\/\/www.grenzrad.at\/cs\/buskuv-hamr-trhove-sviny\/\">Bu\u0161k\u016fv hamr \u2013 Trhov\u00e9 Sviny<\/a><\/div><div class=\"fwpl-item el-h23g1x\"><a href=\"https:\/\/www.grenzrad.at\/cs\/buskuv-hamr-trhove-sviny\/\"><img decoding=\"async\" loading=\"lazy\" width=\"495\" height=\"400\" src=\"https:\/\/www.grenzrad.at\/wp-content\/uploads\/2020\/02\/02363343-495x400.jpeg\" class=\"wp-image-1776 avia-img-lazy-loading-1776 attachment-portfolio size-portfolio wp-post-image\" alt=\"\" srcset=\"https:\/\/www.grenzrad.at\/wp-content\/uploads\/2020\/02\/02363343-495x400.jpeg 495w, https:\/\/www.grenzrad.at\/wp-content\/uploads\/2020\/02\/02363343-845x684.jpeg 845w\" sizes=\"auto, (max-width: 495px) 100vw, 495px\" \/><\/a><\/div><\/div><\/div><\/div><div class=\"fwpl-result r10\"><div class=\"fwpl-row el-919qf9\"><div class=\"fwpl-col fwpl-col el-463kx\"><div class=\"fwpl-item el-nqm5vp\"><a href=\"https:\/\/www.grenzrad.at\/cs\/buskuv-hamr-trhove-sviny-2\/\">BU\u0160K\u016eV HAMR \u2013 TRHOV\u00c9 SVINY<\/a><\/div><div class=\"fwpl-item el-h23g1x\"><a href=\"https:\/\/www.grenzrad.at\/cs\/buskuv-hamr-trhove-sviny-2\/\"><img decoding=\"async\" loading=\"lazy\" width=\"495\" height=\"394\" src=\"https:\/\/www.grenzrad.at\/wp-content\/uploads\/2021\/02\/hammermuehle-495x394.jpg\" class=\"wp-image-2422 avia-img-lazy-loading-2422 attachment-portfolio size-portfolio wp-post-image\" alt=\"\" \/><\/a><\/div><\/div><\/div><\/div><\/div>\n<style>\n.fwpl-layout, .fwpl-row {\n    display: grid;\n}\n.fwpl-layout.el-h23g1x1 {\n    grid-template-columns: repeat(4, 1fr);\n    grid-gap: 40px;\n}\n.fwpl-row.el-919qf9 {\n    grid-template-columns: 1fr;\n}\n<\/style>\n<\/div>\n<div class=\"facetwp-facet facetwp-facet-loader facetwp-type-pager\" data-name=\"loader\" data-type=\"pager\"><\/div>\n<\/div><\/section>\n<section  class='av_textblock_section av-kc3c4l2r-7e69f90115d077d7843ac5ca7054f2f1 '   itemscope=\"itemscope\" itemtype=\"https:\/\/schema.org\/CreativeWork\" ><div class='av-desktop-hide av-medium-hide av-small-hide av-mini-hide avia_textblock'  itemprop=\"text\" ><div class=\"facetwp-facet facetwp-facet-volltext facetwp-type-search\" data-name=\"volltext\" data-type=\"search\"><\/div>\n<p><div class=\"facetwp-facet facetwp-facet-objekte facetwp-type-checkboxes\" data-name=\"objekte\" data-type=\"checkboxes\"><\/div><br \/>\n<div class=\"facetwp-facet facetwp-facet-objectecz facetwp-type-checkboxes\" data-name=\"objectecz\" data-type=\"checkboxes\"><\/div><br \/>\n<div class=\"facetwp-facet facetwp-facet-veranstaltungen_cz facetwp-type-checkboxes\" data-name=\"veranstaltungen_cz\" data-type=\"checkboxes\"><\/div><br \/>\n<\/p>\n<div class=\"facetwp-template\" data-name=\"example\"><div class=\"fwpl-layout el-h23g1x1\"><div class=\"fwpl-result r1\"><div class=\"fwpl-row el-919qf9\"><div class=\"fwpl-col fwpl-col el-463kx\"><div class=\"fwpl-item el-nqm5vp\"><a href=\"https:\/\/www.grenzrad.at\/cs\/als-studie-aisstal\/\">ALS Studie Aisstal<\/a><\/div><div class=\"fwpl-item el-h23g1x\"><a href=\"https:\/\/www.grenzrad.at\/cs\/als-studie-aisstal\/\"><img decoding=\"async\" loading=\"lazy\" width=\"495\" height=\"400\" src=\"https:\/\/www.grenzrad.at\/wp-content\/uploads\/2020\/12\/ALS_STUDIE_AISTTAL_1080-495x400.jpg\" class=\"wp-image-2010 avia-img-lazy-loading-2010 attachment-portfolio size-portfolio wp-post-image\" alt=\"\" srcset=\"https:\/\/www.grenzrad.at\/wp-content\/uploads\/2020\/12\/ALS_STUDIE_AISTTAL_1080-495x400.jpg 495w, https:\/\/www.grenzrad.at\/wp-content\/uploads\/2020\/12\/ALS_STUDIE_AISTTAL_1080-845x684.jpg 845w\" sizes=\"auto, (max-width: 495px) 100vw, 495px\" \/><\/a><\/div><\/div><\/div><\/div><div class=\"fwpl-result r2\"><div class=\"fwpl-row el-919qf9\"><div class=\"fwpl-col fwpl-col el-463kx\"><div class=\"fwpl-item el-nqm5vp\"><a href=\"https:\/\/www.grenzrad.at\/cs\/austria-lazius-1662\/\">Austria Lazius 1662<\/a><\/div><div class=\"fwpl-item el-h23g1x\"><a href=\"https:\/\/www.grenzrad.at\/cs\/austria-lazius-1662\/\"><img decoding=\"async\" loading=\"lazy\" width=\"495\" height=\"400\" src=\"https:\/\/www.grenzrad.at\/wp-content\/uploads\/2021\/02\/Austria_Lazius_1662_Atlas_Blaeu_Ausschnitt3_Folder-495x400.jpg\" class=\"wp-image-2178 avia-img-lazy-loading-2178 attachment-portfolio size-portfolio wp-post-image\" alt=\"\" srcset=\"https:\/\/www.grenzrad.at\/wp-content\/uploads\/2021\/02\/Austria_Lazius_1662_Atlas_Blaeu_Ausschnitt3_Folder-495x400.jpg 495w, https:\/\/www.grenzrad.at\/wp-content\/uploads\/2021\/02\/Austria_Lazius_1662_Atlas_Blaeu_Ausschnitt3_Folder-845x684.jpg 845w\" sizes=\"auto, (max-width: 495px) 100vw, 495px\" \/><\/a><\/div><\/div><\/div><\/div><div class=\"fwpl-result r3\"><div class=\"fwpl-row el-919qf9\"><div class=\"fwpl-col fwpl-col el-463kx\"><div class=\"fwpl-item el-nqm5vp\"><a href=\"https:\/\/www.grenzrad.at\/cs\/bunkry-cetviny\/\">Bunkry Cetviny<\/a><\/div><div class=\"fwpl-item el-h23g1x\"><a href=\"https:\/\/www.grenzrad.at\/cs\/bunkry-cetviny\/\"><img decoding=\"async\" loading=\"lazy\" width=\"495\" height=\"400\" src=\"https:\/\/www.grenzrad.at\/wp-content\/uploads\/2021\/02\/Bunker-um-Zettwing-495x400.png\" class=\"wp-image-2228 avia-img-lazy-loading-2228 attachment-portfolio size-portfolio wp-post-image\" alt=\"\" srcset=\"https:\/\/www.grenzrad.at\/wp-content\/uploads\/2021\/02\/Bunker-um-Zettwing-495x400.png 495w, https:\/\/www.grenzrad.at\/wp-content\/uploads\/2021\/02\/Bunker-um-Zettwing-845x684.png 845w\" sizes=\"auto, (max-width: 495px) 100vw, 495px\" \/><\/a><\/div><\/div><\/div><\/div><div class=\"fwpl-result r4\"><div class=\"fwpl-row el-919qf9\"><div class=\"fwpl-col fwpl-col el-463kx\"><div class=\"fwpl-item el-nqm5vp\"><a href=\"https:\/\/www.grenzrad.at\/cs\/burg-dornach\/\">Burg Dornach<\/a><\/div><div class=\"fwpl-item el-h23g1x\"><a href=\"https:\/\/www.grenzrad.at\/cs\/burg-dornach\/\"><img decoding=\"async\" loading=\"lazy\" width=\"400\" height=\"400\" src=\"https:\/\/www.grenzrad.at\/wp-content\/uploads\/2021\/02\/ooe96-400x400.jpg\" class=\"wp-image-2332 avia-img-lazy-loading-2332 attachment-portfolio size-portfolio wp-post-image\" alt=\"\" srcset=\"https:\/\/www.grenzrad.at\/wp-content\/uploads\/2021\/02\/ooe96-400x400.jpg 400w, https:\/\/www.grenzrad.at\/wp-content\/uploads\/2021\/02\/ooe96-80x80.jpg 80w, https:\/\/www.grenzrad.at\/wp-content\/uploads\/2021\/02\/ooe96-36x36.jpg 36w, https:\/\/www.grenzrad.at\/wp-content\/uploads\/2021\/02\/ooe96-180x180.jpg 180w\" sizes=\"auto, (max-width: 400px) 100vw, 400px\" \/><\/a><\/div><\/div><\/div><\/div><div class=\"fwpl-result r5\"><div class=\"fwpl-row el-919qf9\"><div class=\"fwpl-col fwpl-col el-463kx\"><div class=\"fwpl-item el-nqm5vp\"><a href=\"https:\/\/www.grenzrad.at\/cs\/burg-piberstein\/\">Burg Piberstein<\/a><\/div><div class=\"fwpl-item el-h23g1x\"><a href=\"https:\/\/www.grenzrad.at\/cs\/burg-piberstein\/\"><img decoding=\"async\" loading=\"lazy\" width=\"495\" height=\"400\" src=\"https:\/\/www.grenzrad.at\/wp-content\/uploads\/2021\/02\/burg-piberstein-495x400.jpg\" class=\"wp-image-2354 avia-img-lazy-loading-2354 attachment-portfolio size-portfolio wp-post-image\" alt=\"\" \/><\/a><\/div><\/div><\/div><\/div><div class=\"fwpl-result r6\"><div class=\"fwpl-row el-919qf9\"><div class=\"fwpl-col fwpl-col el-463kx\"><div class=\"fwpl-item el-nqm5vp\"><a href=\"https:\/\/www.grenzrad.at\/cs\/burg-purnstein\/\">Burg P\u00fcrnstein<\/a><\/div><div class=\"fwpl-item el-h23g1x\"><a href=\"https:\/\/www.grenzrad.at\/cs\/burg-purnstein\/\"><img decoding=\"async\" loading=\"lazy\" width=\"495\" height=\"400\" src=\"https:\/\/www.grenzrad.at\/wp-content\/uploads\/2021\/02\/5daa0c044d4a3_image-495x400.jpg\" class=\"wp-image-2362 avia-img-lazy-loading-2362 attachment-portfolio size-portfolio wp-post-image\" alt=\"\" \/><\/a><\/div><\/div><\/div><\/div><div class=\"fwpl-result r7\"><div class=\"fwpl-row el-919qf9\"><div class=\"fwpl-col fwpl-col el-463kx\"><div class=\"fwpl-item el-nqm5vp\"><a href=\"https:\/\/www.grenzrad.at\/cs\/burgruine-falkenstein\/\">Burgruine Falkenstein<\/a><\/div><div class=\"fwpl-item el-h23g1x\"><a href=\"https:\/\/www.grenzrad.at\/cs\/burgruine-falkenstein\/\"><img decoding=\"async\" loading=\"lazy\" width=\"495\" height=\"400\" src=\"https:\/\/www.grenzrad.at\/wp-content\/uploads\/2021\/02\/40281890_2042461972471621_2234770543234514944_o-495x400.jpg\" class=\"wp-image-2380 avia-img-lazy-loading-2380 attachment-portfolio size-portfolio wp-post-image\" alt=\"\" srcset=\"https:\/\/www.grenzrad.at\/wp-content\/uploads\/2021\/02\/40281890_2042461972471621_2234770543234514944_o-495x400.jpg 495w, https:\/\/www.grenzrad.at\/wp-content\/uploads\/2021\/02\/40281890_2042461972471621_2234770543234514944_o-845x684.jpg 845w\" sizes=\"auto, (max-width: 495px) 100vw, 495px\" \/><\/a><\/div><\/div><\/div><\/div><div class=\"fwpl-result r8\"><div class=\"fwpl-row el-919qf9\"><div class=\"fwpl-col fwpl-col el-463kx\"><div class=\"fwpl-item el-nqm5vp\"><a href=\"https:\/\/www.grenzrad.at\/cs\/burgruine-prandegg\/\">Burgruine Prandegg<\/a><\/div><div class=\"fwpl-item el-h23g1x\"><a href=\"https:\/\/www.grenzrad.at\/cs\/burgruine-prandegg\/\"><img decoding=\"async\" loading=\"lazy\" width=\"495\" height=\"400\" src=\"https:\/\/www.grenzrad.at\/wp-content\/uploads\/2021\/02\/Prandegg_sueden-495x400.jpg\" class=\"wp-image-2370 avia-img-lazy-loading-2370 attachment-portfolio size-portfolio wp-post-image\" alt=\"\" srcset=\"https:\/\/www.grenzrad.at\/wp-content\/uploads\/2021\/02\/Prandegg_sueden-495x400.jpg 495w, https:\/\/www.grenzrad.at\/wp-content\/uploads\/2021\/02\/Prandegg_sueden-845x684.jpg 845w\" sizes=\"auto, (max-width: 495px) 100vw, 495px\" \/><\/a><\/div><\/div><\/div><\/div><div class=\"fwpl-result r9\"><div class=\"fwpl-row el-919qf9\"><div class=\"fwpl-col fwpl-col el-463kx\"><div class=\"fwpl-item el-nqm5vp\"><a href=\"https:\/\/www.grenzrad.at\/cs\/buskuv-hamr-trhove-sviny\/\">Bu\u0161k\u016fv hamr \u2013 Trhov\u00e9 Sviny<\/a><\/div><div class=\"fwpl-item el-h23g1x\"><a href=\"https:\/\/www.grenzrad.at\/cs\/buskuv-hamr-trhove-sviny\/\"><img decoding=\"async\" loading=\"lazy\" width=\"495\" height=\"400\" src=\"https:\/\/www.grenzrad.at\/wp-content\/uploads\/2020\/02\/02363343-495x400.jpeg\" class=\"wp-image-1776 avia-img-lazy-loading-1776 attachment-portfolio size-portfolio wp-post-image\" alt=\"\" srcset=\"https:\/\/www.grenzrad.at\/wp-content\/uploads\/2020\/02\/02363343-495x400.jpeg 495w, https:\/\/www.grenzrad.at\/wp-content\/uploads\/2020\/02\/02363343-845x684.jpeg 845w\" sizes=\"auto, (max-width: 495px) 100vw, 495px\" \/><\/a><\/div><\/div><\/div><\/div><div class=\"fwpl-result r10\"><div class=\"fwpl-row el-919qf9\"><div class=\"fwpl-col fwpl-col el-463kx\"><div class=\"fwpl-item el-nqm5vp\"><a href=\"https:\/\/www.grenzrad.at\/cs\/buskuv-hamr-trhove-sviny-2\/\">BU\u0160K\u016eV HAMR \u2013 TRHOV\u00c9 SVINY<\/a><\/div><div class=\"fwpl-item el-h23g1x\"><a href=\"https:\/\/www.grenzrad.at\/cs\/buskuv-hamr-trhove-sviny-2\/\"><img decoding=\"async\" loading=\"lazy\" width=\"495\" height=\"394\" src=\"https:\/\/www.grenzrad.at\/wp-content\/uploads\/2021\/02\/hammermuehle-495x394.jpg\" class=\"wp-image-2422 avia-img-lazy-loading-2422 attachment-portfolio size-portfolio wp-post-image\" alt=\"\" \/><\/a><\/div><\/div><\/div><\/div><\/div>\n<style>\n.fwpl-layout, .fwpl-row {\n    display: grid;\n}\n.fwpl-layout.el-h23g1x1 {\n    grid-template-columns: repeat(4, 1fr);\n    grid-gap: 40px;\n}\n.fwpl-row.el-919qf9 {\n    grid-template-columns: 1fr;\n}\n<\/style>\n<\/div>\n<div class=\"facetwp-facet facetwp-facet-loader facetwp-type-pager\" data-name=\"loader\" data-type=\"pager\"><\/div>\n<div class=\"pwaforwp-shrt-btn-wrp\" style=\"\"><div class=\"pwaforwp-shrt-btn pwaforwp-add-via-class\" style=\"background-color:#283593;display:none\">Add To Home<\/div><\/div>\n<\/div><\/section>\n","protected":false},"excerpt":{"rendered":"","protected":false},"author":1,"featured_media":0,"parent":0,"menu_order":0,"comment_status":"closed","ping_status":"closed","template":"","meta":{"_acf_changed":false,"footnotes":""},"class_list":["post-1792","page","type-page","status-publish","hentry"],"acf":[],"_links":{"self":[{"href":"https:\/\/www.grenzrad.at\/cs\/wp-json\/wp\/v2\/pages\/1792","targetHints":{"allow":["GET"]}}],"collection":[{"href":"https:\/\/www.grenzrad.at\/cs\/wp-json\/wp\/v2\/pages"}],"about":[{"href":"https:\/\/www.grenzrad.at\/cs\/wp-json\/wp\/v2\/types\/page"}],"author":[{"embeddable":true,"href":"https:\/\/www.grenzrad.at\/cs\/wp-json\/wp\/v2\/users\/1"}],"replies":[{"embeddable":true,"href":"https:\/\/www.grenzrad.at\/cs\/wp-json\/wp\/v2\/comments?post=1792"}],"version-history":[{"count":11,"href":"https:\/\/www.grenzrad.at\/cs\/wp-json\/wp\/v2\/pages\/1792\/revisions"}],"predecessor-version":[{"id":2339,"href":"https:\/\/www.grenzrad.at\/cs\/wp-json\/wp\/v2\/pages\/1792\/revisions\/2339"}],"wp:attachment":[{"href":"https:\/\/www.grenzrad.at\/cs\/wp-json\/wp\/v2\/media?parent=1792"}],"curies":[{"name":"wp","href":"https:\/\/api.w.org\/{rel}","templated":true}]}}